{"id":620,"date":"2026-01-16T03:31:35","date_gmt":"2026-01-16T02:31:35","guid":{"rendered":"https:\/\/pentatax.pl\/portal\/?page_id=620"},"modified":"2026-01-16T17:16:17","modified_gmt":"2026-01-16T16:16:17","slug":"pentasent","status":"publish","type":"page","link":"https:\/\/pentatax.pl\/portal\/pl\/pentasent\/","title":{"rendered":"PentaSENT"},"content":{"rendered":"<style id=\"wpforms-css-vars-653\">\n\t\t\t\t#wpforms-653 {\n\t\t\t\t--wpforms-container-padding: 0px;\n--wpforms-container-border-width: 1px;\n--wpforms-container-border-radius: 3px;\n--wpforms-background-color: rgba(0, 0, 0, 0);\n--wpforms-field-size-input-height: 43px;\n--wpforms-field-size-input-spacing: 15px;\n--wpforms-field-size-font-size: 16px;\n--wpforms-field-size-line-height: 19px;\n--wpforms-field-size-padding-h: 14px;\n--wpforms-field-size-checkbox-size: 16px;\n--wpforms-field-size-sublabel-spacing: 5px;\n--wpforms-field-size-icon-size: 1;\n--wpforms-label-size-font-size: 16px;\n--wpforms-label-size-line-height: 19px;\n--wpforms-label-size-sublabel-font-size: 14px;\n--wpforms-label-size-sublabel-line-height: 17px;\n--wpforms-button-size-font-size: 17px;\n--wpforms-button-size-height: 41px;\n--wpforms-button-size-padding-h: 15px;\n--wpforms-button-size-margin-top: 10px;\n--wpforms-container-shadow-size-box-shadow: none;\n\t\t\t}\n\t\t\t<\/style><div class=\"wpforms-container wpforms-container-full wpforms-render-modern\" id=\"wpforms-653\"><form id=\"wpforms-form-653\" class=\"wpforms-validate wpforms-form wpforms-ajax-form\" data-formid=\"653\" method=\"post\" enctype=\"multipart\/form-data\" action=\"\/portal\/wp-json\/wp\/v2\/pages\/620\" data-token=\"6aa67e96666cc7677eebd7ccdd092f82\" data-token-time=\"1776322359\"><noscript class=\"wpforms-error-noscript\">Aby wype\u0142ni\u0107 ten formularz, w\u0142\u0105cz obs\u0142ug\u0119 JavaScript w przegl\u0105darce.<\/noscript><div id=\"wpforms-error-noscript\" style=\"display: none;\">Aby wype\u0142ni\u0107 ten formularz, w\u0142\u0105cz obs\u0142ug\u0119 JavaScript w przegl\u0105darce.<\/div><div class=\"wpforms-field-container\"><div id=\"wpforms-653-field_1-container\" class=\"wpforms-field wpforms-field-name\" data-field-id=\"1\"><label class=\"wpforms-field-label\" for=\"wpforms-653-field_1\">Imi\u0119 i nazwisko <span class=\"wpforms-required-label\" aria-hidden=\"true\">*<\/span><\/label><input type=\"text\" id=\"wpforms-653-field_1\" class=\"wpforms-field-medium wpforms-field-required\" name=\"wpforms[fields][1]\" aria-errormessage=\"wpforms-653-field_1-error\" required><\/div><div id=\"wpforms-653-field_2-container\" class=\"wpforms-field wpforms-field-email\" data-field-id=\"2\"><label class=\"wpforms-field-label\" for=\"wpforms-653-field_2\">Adres e-mail <span class=\"wpforms-required-label\" aria-hidden=\"true\">*<\/span><\/label><input type=\"email\" id=\"wpforms-653-field_2\" class=\"wpforms-field-medium wpforms-field-required\" name=\"wpforms[fields][2]\" spellcheck=\"false\" aria-errormessage=\"wpforms-653-field_2-error\" required><\/div>\t\t<div id=\"wpforms-653-field_4-container\"\n\t\t\tclass=\"wpforms-field wpforms-field-text\"\n\t\t\tdata-field-type=\"text\"\n\t\t\tdata-field-id=\"4\"\n\t\t\t>\n\t\t\t<label class=\"wpforms-field-label\" for=\"wpforms-653-field_4\" >Imi\u0119 Komentarz Adres<\/label>\n\t\t\t<input type=\"text\" id=\"wpforms-653-field_4\" class=\"wpforms-field-medium\" name=\"wpforms[fields][4]\" >\n\t\t<\/div>\n\t\t<div id=\"wpforms-653-field_3-container\" class=\"wpforms-field wpforms-field-textarea\" data-field-id=\"3\"><label class=\"wpforms-field-label\" for=\"wpforms-653-field_3\">Komentarz lub wiadomo\u015b\u0107<\/label><textarea id=\"wpforms-653-field_3\" class=\"wpforms-field-medium\" name=\"wpforms[fields][3]\" aria-errormessage=\"wpforms-653-field_3-error\" ><\/textarea><\/div><script>\n\t\t\t\t( function() {\n\t\t\t\t\tconst style = document.createElement( 'style' );\n\t\t\t\t\tstyle.appendChild( document.createTextNode( '#wpforms-653-field_4-container { position: absolute !important; overflow: hidden !important; display: inline !important; height: 1px !important; width: 1px !important; z-index: -1000 !important; padding: 0 !important; } #wpforms-653-field_4-container input { visibility: hidden; } #wpforms-conversational-form-page #wpforms-653-field_4-container label { counter-increment: none; }' ) );\n\t\t\t\t\tdocument.head.appendChild( style );\n\t\t\t\t\tdocument.currentScript?.remove();\n\t\t\t\t} )();\n\t\t\t<\/script><\/div><!-- .wpforms-field-container --><div class=\"wpforms-submit-container\" ><input type=\"hidden\" name=\"wpforms[id]\" value=\"653\"><input type=\"hidden\" name=\"page_title\" value=\"\"><input type=\"hidden\" name=\"page_url\" value=\"https:\/\/pentatax.pl\/portal\/wp-json\/wp\/v2\/pages\/620\"><input type=\"hidden\" name=\"url_referer\" value=\"\"><button type=\"submit\" name=\"wpforms[submit]\" id=\"wpforms-submit-653\" class=\"wpforms-submit\" data-alt-text=\"Wysy\u0142anie...\" data-submit-text=\"Prze\u015blij\" aria-live=\"assertive\" value=\"wpforms-submit\">Prze\u015blij<\/button><img loading=\"lazy\" decoding=\"async\" src=\"https:\/\/pentatax.pl\/portal\/wp-content\/plugins\/wpforms-lite\/assets\/images\/submit-spin.svg\" class=\"wpforms-submit-spinner\" style=\"display: none;\" width=\"26\" height=\"26\" alt=\"Wczytywanie\"><\/div><\/form><\/div>  <!-- .wpforms-container -->\n","protected":false},"excerpt":{"rendered":"","protected":false},"author":1,"featured_media":0,"parent":0,"menu_order":0,"comment_status":"closed","ping_status":"closed","template":"pentasent.php","meta":{"_acf_changed":false,"inline_featured_image":false,"footnotes":""},"class_list":["post-620","page","type-page","status-publish","hentry"],"acf":[],"yoast_head":"<!-- This site is optimized with the Yoast SEO plugin v26.6 - https:\/\/yoast.com\/wordpress\/plugins\/seo\/ -->\r\n<title>PentaSENT - Pentatax<\/title>\r\n<meta name=\"robots\" content=\"index, follow, max-snippet:-1, max-image-preview:large, max-video-preview:-1\" \/>\r\n<link rel=\"canonical\" href=\"https:\/\/pentatax.pl\/portal\/pl\/pentasent\/\" \/>\r\n<meta property=\"og:locale\" content=\"pl_PL\" \/>\r\n<meta property=\"og:type\" content=\"article\" \/>\r\n<meta property=\"og:title\" content=\"PentaSENT - Pentatax\" \/>\r\n<meta property=\"og:url\" content=\"https:\/\/pentatax.pl\/portal\/pl\/pentasent\/\" \/>\r\n<meta property=\"og:site_name\" content=\"Pentatax\" \/>\r\n<meta property=\"article:modified_time\" content=\"2026-01-16T16:16:17+00:00\" \/>\r\n<meta name=\"twitter:card\" content=\"summary_large_image\" \/>\r\n<script type=\"application\/ld+json\" class=\"yoast-schema-graph\">{\"@context\":\"https:\/\/schema.org\",\"@graph\":[{\"@type\":\"WebPage\",\"@id\":\"https:\/\/pentatax.pl\/portal\/pl\/pentasent\/\",\"url\":\"https:\/\/pentatax.pl\/portal\/pl\/pentasent\/\",\"name\":\"PentaSENT - Pentatax\",\"isPartOf\":{\"@id\":\"https:\/\/pentatax.pl\/portal\/#website\"},\"datePublished\":\"2026-01-16T02:31:35+00:00\",\"dateModified\":\"2026-01-16T16:16:17+00:00\",\"breadcrumb\":{\"@id\":\"https:\/\/pentatax.pl\/portal\/pl\/pentasent\/#breadcrumb\"},\"inLanguage\":\"pl-PL\",\"potentialAction\":[{\"@type\":\"ReadAction\",\"target\":[\"https:\/\/pentatax.pl\/portal\/pl\/pentasent\/\"]}]},{\"@type\":\"BreadcrumbList\",\"@id\":\"https:\/\/pentatax.pl\/portal\/pl\/pentasent\/#breadcrumb\",\"itemListElement\":[{\"@type\":\"ListItem\",\"position\":1,\"name\":\"Home\",\"item\":\"https:\/\/pentatax.pl\/portal\/pl\/\"},{\"@type\":\"ListItem\",\"position\":2,\"name\":\"PentaSENT\"}]},{\"@type\":\"WebSite\",\"@id\":\"https:\/\/pentatax.pl\/portal\/#website\",\"url\":\"https:\/\/pentatax.pl\/portal\/\",\"name\":\"Pentatax\",\"description\":\"Kolejna witryna oparta na WordPressie\",\"potentialAction\":[{\"@type\":\"SearchAction\",\"target\":{\"@type\":\"EntryPoint\",\"urlTemplate\":\"https:\/\/pentatax.pl\/portal\/?s={search_term_string}\"},\"query-input\":{\"@type\":\"PropertyValueSpecification\",\"valueRequired\":true,\"valueName\":\"search_term_string\"}}],\"inLanguage\":\"pl-PL\"}]}<\/script>\r\n<!-- \/ Yoast SEO plugin. -->","yoast_head_json":{"title":"PentaSENT - Pentatax","robots":{"index":"index","follow":"follow","max-snippet":"max-snippet:-1","max-image-preview":"max-image-preview:large","max-video-preview":"max-video-preview:-1"},"canonical":"https:\/\/pentatax.pl\/portal\/pl\/pentasent\/","og_locale":"pl_PL","og_type":"article","og_title":"PentaSENT - Pentatax","og_url":"https:\/\/pentatax.pl\/portal\/pl\/pentasent\/","og_site_name":"Pentatax","article_modified_time":"2026-01-16T16:16:17+00:00","twitter_card":"summary_large_image","schema":{"@context":"https:\/\/schema.org","@graph":[{"@type":"WebPage","@id":"https:\/\/pentatax.pl\/portal\/pl\/pentasent\/","url":"https:\/\/pentatax.pl\/portal\/pl\/pentasent\/","name":"PentaSENT - Pentatax","isPartOf":{"@id":"https:\/\/pentatax.pl\/portal\/#website"},"datePublished":"2026-01-16T02:31:35+00:00","dateModified":"2026-01-16T16:16:17+00:00","breadcrumb":{"@id":"https:\/\/pentatax.pl\/portal\/pl\/pentasent\/#breadcrumb"},"inLanguage":"pl-PL","potentialAction":[{"@type":"ReadAction","target":["https:\/\/pentatax.pl\/portal\/pl\/pentasent\/"]}]},{"@type":"BreadcrumbList","@id":"https:\/\/pentatax.pl\/portal\/pl\/pentasent\/#breadcrumb","itemListElement":[{"@type":"ListItem","position":1,"name":"Home","item":"https:\/\/pentatax.pl\/portal\/pl\/"},{"@type":"ListItem","position":2,"name":"PentaSENT"}]},{"@type":"WebSite","@id":"https:\/\/pentatax.pl\/portal\/#website","url":"https:\/\/pentatax.pl\/portal\/","name":"Pentatax","description":"Kolejna witryna oparta na WordPressie","potentialAction":[{"@type":"SearchAction","target":{"@type":"EntryPoint","urlTemplate":"https:\/\/pentatax.pl\/portal\/?s={search_term_string}"},"query-input":{"@type":"PropertyValueSpecification","valueRequired":true,"valueName":"search_term_string"}}],"inLanguage":"pl-PL"}]}},"_links":{"self":[{"href":"https:\/\/pentatax.pl\/portal\/wp-json\/wp\/v2\/pages\/620","targetHints":{"allow":["GET"]}}],"collection":[{"href":"https:\/\/pentatax.pl\/portal\/wp-json\/wp\/v2\/pages"}],"about":[{"href":"https:\/\/pentatax.pl\/portal\/wp-json\/wp\/v2\/types\/page"}],"author":[{"embeddable":true,"href":"https:\/\/pentatax.pl\/portal\/wp-json\/wp\/v2\/users\/1"}],"replies":[{"embeddable":true,"href":"https:\/\/pentatax.pl\/portal\/wp-json\/wp\/v2\/comments?post=620"}],"version-history":[{"count":2,"href":"https:\/\/pentatax.pl\/portal\/wp-json\/wp\/v2\/pages\/620\/revisions"}],"predecessor-version":[{"id":662,"href":"https:\/\/pentatax.pl\/portal\/wp-json\/wp\/v2\/pages\/620\/revisions\/662"}],"wp:attachment":[{"href":"https:\/\/pentatax.pl\/portal\/wp-json\/wp\/v2\/media?parent=620"}],"curies":[{"name":"wp","href":"https:\/\/api.w.org\/{rel}","templated":true}]}}