{"id":91,"date":"2021-08-16T09:48:16","date_gmt":"2021-08-16T07:48:16","guid":{"rendered":"https:\/\/pentatax.mdg.usermd.net\/?page_id=91"},"modified":"2026-03-17T10:53:59","modified_gmt":"2026-03-17T09:53:59","slug":"cennik-modulow","status":"publish","type":"page","link":"https:\/\/pentatax.pl\/portal\/pl\/cennik-modulow\/","title":{"rendered":"Cennik"},"content":{"rendered":"","protected":false},"excerpt":{"rendered":"","protected":false},"author":1,"featured_media":204,"parent":0,"menu_order":0,"comment_status":"closed","ping_status":"closed","template":"cennik.php","meta":{"_acf_changed":false,"inline_featured_image":false,"footnotes":""},"class_list":["post-91","page","type-page","status-publish","has-post-thumbnail","hentry"],"acf":[],"yoast_head":"<!-- This site is optimized with the Yoast SEO plugin v26.6 - https:\/\/yoast.com\/wordpress\/plugins\/seo\/ -->\r\n<title>Cennik - Pentatax<\/title>\r\n<meta name=\"description\" content=\"Poznaj nas lepiej i testuj za darmo przez 14 dni platform\u0119 PentaTAX z Modu\u0142em Ewidencje Akcyzowe. Jeste\u015bmy przekonani, \u017ce zostaniesz z nami na d\u0142u\u017cej.\" \/>\r\n<meta name=\"robots\" content=\"index, follow, max-snippet:-1, max-image-preview:large, max-video-preview:-1\" \/>\r\n<link rel=\"canonical\" href=\"https:\/\/pentatax.pl\/portal\/pl\/cennik-modulow\/\" \/>\r\n<meta property=\"og:locale\" content=\"pl_PL\" \/>\r\n<meta property=\"og:type\" content=\"article\" \/>\r\n<meta property=\"og:title\" content=\"Cennik - Pentatax\" \/>\r\n<meta property=\"og:description\" content=\"Poznaj nas lepiej i testuj za darmo przez 14 dni platform\u0119 PentaTAX z Modu\u0142em Ewidencje Akcyzowe. Jeste\u015bmy przekonani, \u017ce zostaniesz z nami na d\u0142u\u017cej.\" \/>\r\n<meta property=\"og:url\" content=\"https:\/\/pentatax.pl\/portal\/pl\/cennik-modulow\/\" \/>\r\n<meta property=\"og:site_name\" content=\"Pentatax\" \/>\r\n<meta property=\"article:modified_time\" content=\"2026-03-17T09:53:59+00:00\" \/>\r\n<meta property=\"og:image\" content=\"https:\/\/pentatax.pl\/portal\/wp-content\/uploads\/2021\/08\/cennik1-1.jpg\" \/>\r\n\t<meta property=\"og:image:width\" content=\"1110\" \/>\r\n\t<meta property=\"og:image:height\" content=\"482\" \/>\r\n\t<meta property=\"og:image:type\" content=\"image\/jpeg\" \/>\r\n<meta name=\"twitter:card\" content=\"summary_large_image\" \/>\r\n<meta name=\"twitter:label1\" content=\"Szacowany czas czytania\" \/>\n\t<meta name=\"twitter:data1\" content=\"1 minuta\" \/>\r\n<script type=\"application\/ld+json\" class=\"yoast-schema-graph\">{\"@context\":\"https:\/\/schema.org\",\"@graph\":[{\"@type\":\"WebPage\",\"@id\":\"https:\/\/pentatax.pl\/portal\/pl\/cennik-modulow\/\",\"url\":\"https:\/\/pentatax.pl\/portal\/pl\/cennik-modulow\/\",\"name\":\"Cennik - Pentatax\",\"isPartOf\":{\"@id\":\"https:\/\/pentatax.pl\/portal\/#website\"},\"primaryImageOfPage\":{\"@id\":\"https:\/\/pentatax.pl\/portal\/pl\/cennik-modulow\/#primaryimage\"},\"image\":{\"@id\":\"https:\/\/pentatax.pl\/portal\/pl\/cennik-modulow\/#primaryimage\"},\"thumbnailUrl\":\"https:\/\/pentatax.pl\/portal\/wp-content\/uploads\/2021\/08\/cennik1-1.jpg\",\"datePublished\":\"2021-08-16T07:48:16+00:00\",\"dateModified\":\"2026-03-17T09:53:59+00:00\",\"description\":\"Poznaj nas lepiej i testuj za darmo przez 14 dni platform\u0119 PentaTAX z Modu\u0142em Ewidencje Akcyzowe. Jeste\u015bmy przekonani, \u017ce zostaniesz z nami na d\u0142u\u017cej.\",\"breadcrumb\":{\"@id\":\"https:\/\/pentatax.pl\/portal\/pl\/cennik-modulow\/#breadcrumb\"},\"inLanguage\":\"pl-PL\",\"potentialAction\":[{\"@type\":\"ReadAction\",\"target\":[\"https:\/\/pentatax.pl\/portal\/pl\/cennik-modulow\/\"]}]},{\"@type\":\"ImageObject\",\"inLanguage\":\"pl-PL\",\"@id\":\"https:\/\/pentatax.pl\/portal\/pl\/cennik-modulow\/#primaryimage\",\"url\":\"https:\/\/pentatax.pl\/portal\/wp-content\/uploads\/2021\/08\/cennik1-1.jpg\",\"contentUrl\":\"https:\/\/pentatax.pl\/portal\/wp-content\/uploads\/2021\/08\/cennik1-1.jpg\",\"width\":1110,\"height\":482,\"caption\":\"A businessman selecting a button on a futuristic display with a Best Offer concept written on it.\"},{\"@type\":\"BreadcrumbList\",\"@id\":\"https:\/\/pentatax.pl\/portal\/pl\/cennik-modulow\/#breadcrumb\",\"itemListElement\":[{\"@type\":\"ListItem\",\"position\":1,\"name\":\"Home\",\"item\":\"https:\/\/pentatax.pl\/portal\/pl\/\"},{\"@type\":\"ListItem\",\"position\":2,\"name\":\"Cennik\"}]},{\"@type\":\"WebSite\",\"@id\":\"https:\/\/pentatax.pl\/portal\/#website\",\"url\":\"https:\/\/pentatax.pl\/portal\/\",\"name\":\"Pentatax\",\"description\":\"Kolejna witryna oparta na WordPressie\",\"potentialAction\":[{\"@type\":\"SearchAction\",\"target\":{\"@type\":\"EntryPoint\",\"urlTemplate\":\"https:\/\/pentatax.pl\/portal\/?s={search_term_string}\"},\"query-input\":{\"@type\":\"PropertyValueSpecification\",\"valueRequired\":true,\"valueName\":\"search_term_string\"}}],\"inLanguage\":\"pl-PL\"}]}<\/script>\r\n<!-- \/ Yoast SEO plugin. -->","yoast_head_json":{"title":"Cennik - Pentatax","description":"Poznaj nas lepiej i testuj za darmo przez 14 dni platform\u0119 PentaTAX z Modu\u0142em Ewidencje Akcyzowe. Jeste\u015bmy przekonani, \u017ce zostaniesz z nami na d\u0142u\u017cej.","robots":{"index":"index","follow":"follow","max-snippet":"max-snippet:-1","max-image-preview":"max-image-preview:large","max-video-preview":"max-video-preview:-1"},"canonical":"https:\/\/pentatax.pl\/portal\/pl\/cennik-modulow\/","og_locale":"pl_PL","og_type":"article","og_title":"Cennik - Pentatax","og_description":"Poznaj nas lepiej i testuj za darmo przez 14 dni platform\u0119 PentaTAX z Modu\u0142em Ewidencje Akcyzowe. Jeste\u015bmy przekonani, \u017ce zostaniesz z nami na d\u0142u\u017cej.","og_url":"https:\/\/pentatax.pl\/portal\/pl\/cennik-modulow\/","og_site_name":"Pentatax","article_modified_time":"2026-03-17T09:53:59+00:00","og_image":[{"width":1110,"height":482,"url":"https:\/\/pentatax.pl\/portal\/wp-content\/uploads\/2021\/08\/cennik1-1.jpg","type":"image\/jpeg"}],"twitter_card":"summary_large_image","twitter_misc":{"Szacowany czas czytania":"1 minuta"},"schema":{"@context":"https:\/\/schema.org","@graph":[{"@type":"WebPage","@id":"https:\/\/pentatax.pl\/portal\/pl\/cennik-modulow\/","url":"https:\/\/pentatax.pl\/portal\/pl\/cennik-modulow\/","name":"Cennik - Pentatax","isPartOf":{"@id":"https:\/\/pentatax.pl\/portal\/#website"},"primaryImageOfPage":{"@id":"https:\/\/pentatax.pl\/portal\/pl\/cennik-modulow\/#primaryimage"},"image":{"@id":"https:\/\/pentatax.pl\/portal\/pl\/cennik-modulow\/#primaryimage"},"thumbnailUrl":"https:\/\/pentatax.pl\/portal\/wp-content\/uploads\/2021\/08\/cennik1-1.jpg","datePublished":"2021-08-16T07:48:16+00:00","dateModified":"2026-03-17T09:53:59+00:00","description":"Poznaj nas lepiej i testuj za darmo przez 14 dni platform\u0119 PentaTAX z Modu\u0142em Ewidencje Akcyzowe. Jeste\u015bmy przekonani, \u017ce zostaniesz z nami na d\u0142u\u017cej.","breadcrumb":{"@id":"https:\/\/pentatax.pl\/portal\/pl\/cennik-modulow\/#breadcrumb"},"inLanguage":"pl-PL","potentialAction":[{"@type":"ReadAction","target":["https:\/\/pentatax.pl\/portal\/pl\/cennik-modulow\/"]}]},{"@type":"ImageObject","inLanguage":"pl-PL","@id":"https:\/\/pentatax.pl\/portal\/pl\/cennik-modulow\/#primaryimage","url":"https:\/\/pentatax.pl\/portal\/wp-content\/uploads\/2021\/08\/cennik1-1.jpg","contentUrl":"https:\/\/pentatax.pl\/portal\/wp-content\/uploads\/2021\/08\/cennik1-1.jpg","width":1110,"height":482,"caption":"A businessman selecting a button on a futuristic display with a Best Offer concept written on it."},{"@type":"BreadcrumbList","@id":"https:\/\/pentatax.pl\/portal\/pl\/cennik-modulow\/#breadcrumb","itemListElement":[{"@type":"ListItem","position":1,"name":"Home","item":"https:\/\/pentatax.pl\/portal\/pl\/"},{"@type":"ListItem","position":2,"name":"Cennik"}]},{"@type":"WebSite","@id":"https:\/\/pentatax.pl\/portal\/#website","url":"https:\/\/pentatax.pl\/portal\/","name":"Pentatax","description":"Kolejna witryna oparta na WordPressie","potentialAction":[{"@type":"SearchAction","target":{"@type":"EntryPoint","urlTemplate":"https:\/\/pentatax.pl\/portal\/?s={search_term_string}"},"query-input":{"@type":"PropertyValueSpecification","valueRequired":true,"valueName":"search_term_string"}}],"inLanguage":"pl-PL"}]}},"_links":{"self":[{"href":"https:\/\/pentatax.pl\/portal\/wp-json\/wp\/v2\/pages\/91","targetHints":{"allow":["GET"]}}],"collection":[{"href":"https:\/\/pentatax.pl\/portal\/wp-json\/wp\/v2\/pages"}],"about":[{"href":"https:\/\/pentatax.pl\/portal\/wp-json\/wp\/v2\/types\/page"}],"author":[{"embeddable":true,"href":"https:\/\/pentatax.pl\/portal\/wp-json\/wp\/v2\/users\/1"}],"replies":[{"embeddable":true,"href":"https:\/\/pentatax.pl\/portal\/wp-json\/wp\/v2\/comments?post=91"}],"version-history":[{"count":10,"href":"https:\/\/pentatax.pl\/portal\/wp-json\/wp\/v2\/pages\/91\/revisions"}],"predecessor-version":[{"id":759,"href":"https:\/\/pentatax.pl\/portal\/wp-json\/wp\/v2\/pages\/91\/revisions\/759"}],"wp:featuredmedia":[{"embeddable":true,"href":"https:\/\/pentatax.pl\/portal\/wp-json\/wp\/v2\/media\/204"}],"wp:attachment":[{"href":"https:\/\/pentatax.pl\/portal\/wp-json\/wp\/v2\/media?parent=91"}],"curies":[{"name":"wp","href":"https:\/\/api.w.org\/{rel}","templated":true}]}}